{"id":33,"date":"2016-04-27T22:38:56","date_gmt":"2016-04-27T22:38:56","guid":{"rendered":"http:\/\/iftinforskola.se\/?page_id=33"},"modified":"2026-04-24T12:37:03","modified_gmt":"2026-04-24T12:37:03","slug":"kontakta-oss","status":"publish","type":"page","link":"http:\/\/iftinforskola.se\/?page_id=33","title":{"rendered":"Kontakta oss"},"content":{"rendered":"<p style=\"text-align: center;\"><b>Iftin f\u00f6rskola<\/b><br \/>\nBes\u00f6ksadress: Skidbacken 70, 17454 Sundbyberg<\/p>\n<p style=\"text-align: center;\">Huvudman, Iftin F\u00f6rskola AB: <a href=\"mailto:info@iftinforskola.se\" rel=\"noreferrer\">info@iftinforskola.se<\/a><\/p>\n<p style=\"text-align: center;\">Skolchef\/Huvudman, Hulya Yuksel: <a href=\"mailto:Skolchef@iftinforskola.se\" rel=\"noreferrer\">Skolchef@iftinforskola.se<\/a><\/p>\n<p style=\"text-align: center;\">Bitr\u00e4dande Rektor, Souad Kharraki: <a href=\"mailto:Rektor@iftinforskola.se\" rel=\"noreferrer\">Bitr.rektor@iftinforskola.se 076-8987472<\/a><\/p>\n<p style=\"text-align: center;\">Enhet Iftin F\u00f6rskola: <a href=\"mailto:admin@iftinforskola.se\" rel=\"noreferrer\">admin@iftinforskola.se 08-7066316<\/a><\/p>\n<p style=\"text-align: center;\">Postadress:<br \/>\nBox 7095, 164 07 Kista<\/p>\n<p style=\"text-align: center;\">Kommunikationer:<br \/>\nbuss 540 fr\u00e5n Hallonbergens T-station, h\u00e5llplats &#8221;Bergsh\u00f6jden&#8221;<br \/>\n<a href=\"http:\/\/kartor.eniro.se\/m\/pvxje\" target=\"_blank\" rel=\"noopener\"><br \/>\n<\/a><\/p>\n<p style=\"text-align: center;\">Bes\u00f6ksparkering med betalningasautomat f\u00f6r g\u00e4ster finns i garaget.<\/p>\n<p style=\"text-align: center;\"><a href=\"https:\/\/www.google.se\/maps\/place\/Iftin+F%C3%B6rskola\/@59.3764391,17.9552556,17z\/data=!3m1!4b1!4m6!3m5!1s0x465f9e70c0c48221:0x1047d0d710e3fbc1!8m2!3d59.3764391!4d17.9578305!16s%2Fg%2F1hc5c7q03\" target=\"_blank\" rel=\"noopener\">Klicka f\u00f6r att se kartan<\/a><\/p>\n","protected":false},"excerpt":{"rendered":"<p>Iftin f\u00f6rskola Bes\u00f6ksadress: Skidbacken 70, 17454 Sundbyberg Huvudman, Iftin F\u00f6rskola AB: info@iftinforskola.se Skolchef\/Huvudman, Hulya Yuksel: Skolchef@iftinforskola.se Bitr\u00e4dande Rektor, Souad Kharraki: Bitr.rektor@iftinforskola.se 076-8987472 Enhet Iftin F\u00f6rskola: admin@iftinforskola.se 08-7066316 Postadress: Box 7095, 164 07 Kista Kommunikationer: buss 540 fr\u00e5n Hallonbergens T-station, h\u00e5llplats &hellip; <a href=\"http:\/\/iftinforskola.se\/?page_id=33\">L\u00e4s mer <span class=\"meta-nav\">&rarr;<\/span><\/a><\/p>\n","protected":false},"author":1,"featured_media":0,"parent":0,"menu_order":0,"comment_status":"closed","ping_status":"closed","template":"showcase.php","meta":[],"_links":{"self":[{"href":"http:\/\/iftinforskola.se\/index.php?rest_route=\/wp\/v2\/pages\/33"}],"collection":[{"href":"http:\/\/iftinforskola.se\/index.php?rest_route=\/wp\/v2\/pages"}],"about":[{"href":"http:\/\/iftinforskola.se\/index.php?rest_route=\/wp\/v2\/types\/page"}],"author":[{"embeddable":true,"href":"http:\/\/iftinforskola.se\/index.php?rest_route=\/wp\/v2\/users\/1"}],"replies":[{"embeddable":true,"href":"http:\/\/iftinforskola.se\/index.php?rest_route=%2Fwp%2Fv2%2Fcomments&post=33"}],"version-history":[{"count":16,"href":"http:\/\/iftinforskola.se\/index.php?rest_route=\/wp\/v2\/pages\/33\/revisions"}],"predecessor-version":[{"id":282,"href":"http:\/\/iftinforskola.se\/index.php?rest_route=\/wp\/v2\/pages\/33\/revisions\/282"}],"wp:attachment":[{"href":"http:\/\/iftinforskola.se\/index.php?rest_route=%2Fwp%2Fv2%2Fmedia&parent=33"}],"curies":[{"name":"wp","href":"https:\/\/api.w.org\/{rel}","templated":true}]}}