{"id":54,"date":"2018-11-28T23:08:04","date_gmt":"2018-11-28T23:08:04","guid":{"rendered":"http:\/\/iftinforskola.se\/?page_id=54"},"modified":"2026-02-04T14:17:23","modified_gmt":"2026-02-04T14:17:23","slug":"koplats","status":"publish","type":"page","link":"http:\/\/iftinforskola.se\/?page_id=54","title":{"rendered":"K\u00f6plats &#8211; \u00c4r du intresserad? St\u00e4ll ditt barn i k\u00f6 via Sundbybergs kommun genom att anv\u00e4nda direktl\u00e4nken till ans\u00f6kan nedan."},"content":{"rendered":"\n<p><\/p>\n\n\n<p style=\"text-align: left;\">Ans\u00f6k om plats direkt till oss genom att maila f\u00f6delse\u00e5r samt folkbokf\u00f6ringsadress till admin@iftinforskola.se<\/p>\n<p style=\"text-align: left;\"><a href=\"https:\/\/www.sundbyberg.se\/forskola-skola-och-utbildning\/forskola\/ansok-eller-sag-upp-plats\">https:\/\/www.sundbyberg.se\/forskola-skola-och-utbildning\/forskola\/ansok-eller-sag-upp-plats<\/a><\/p>\n<p style=\"text-align: left;\"><a href=\"https:\/\/www.sundbyberg.se\/forskola-utbildning\/forskola-och-pedagogisk-omsorg\/avgift-forskola.html\">Avgift och placeringsrutiner<\/a><\/p>\n<p style=\"text-align: left;\"><a href=\"http:\/\/iftinforskola.se\/wp-content\/uploads\/2018\/11\/Inkomstuppgift_barnomsorg-Sundbyberg-kommun.pdf\">L\u00e4mna inkomst digitalt till e-tj\u00e4nsten f\u00f6rskola p\u00e5 www.sundbyberg.se Staden fakturerar m\u00e5nadsvis. H\u00f6gsta avgift faktureras om ingen inkomst registreras.<\/a><\/p>\n\n\n<p><\/p>\n\n\n\n<p><\/p>\n","protected":false},"excerpt":{"rendered":"<p>Ans\u00f6k om plats direkt till oss genom att maila f\u00f6delse\u00e5r samt folkbokf\u00f6ringsadress till admin@iftinforskola.se https:\/\/www.sundbyberg.se\/forskola-skola-och-utbildning\/forskola\/ansok-eller-sag-upp-plats Avgift och placeringsrutiner L\u00e4mna inkomst digitalt till e-tj\u00e4nsten f\u00f6rskola p\u00e5 www.sundbyberg.se Staden fakturerar m\u00e5nadsvis. H\u00f6gsta avgift faktureras om ingen inkomst registreras.<\/p>\n","protected":false},"author":1,"featured_media":0,"parent":0,"menu_order":0,"comment_status":"closed","ping_status":"closed","template":"","meta":[],"_links":{"self":[{"href":"http:\/\/iftinforskola.se\/index.php?rest_route=\/wp\/v2\/pages\/54"}],"collection":[{"href":"http:\/\/iftinforskola.se\/index.php?rest_route=\/wp\/v2\/pages"}],"about":[{"href":"http:\/\/iftinforskola.se\/index.php?rest_route=\/wp\/v2\/types\/page"}],"author":[{"embeddable":true,"href":"http:\/\/iftinforskola.se\/index.php?rest_route=\/wp\/v2\/users\/1"}],"replies":[{"embeddable":true,"href":"http:\/\/iftinforskola.se\/index.php?rest_route=%2Fwp%2Fv2%2Fcomments&post=54"}],"version-history":[{"count":24,"href":"http:\/\/iftinforskola.se\/index.php?rest_route=\/wp\/v2\/pages\/54\/revisions"}],"predecessor-version":[{"id":276,"href":"http:\/\/iftinforskola.se\/index.php?rest_route=\/wp\/v2\/pages\/54\/revisions\/276"}],"wp:attachment":[{"href":"http:\/\/iftinforskola.se\/index.php?rest_route=%2Fwp%2Fv2%2Fmedia&parent=54"}],"curies":[{"name":"wp","href":"https:\/\/api.w.org\/{rel}","templated":true}]}}